{"id":374,"date":"2020-01-29T09:23:19","date_gmt":"2020-01-29T11:23:19","guid":{"rendered":"https:\/\/digitalcontabilidademt.com.br\/?page_id=374"},"modified":"2020-01-29T09:23:19","modified_gmt":"2020-01-29T11:23:19","slug":"politicas-de-privacidade","status":"publish","type":"page","link":"https:\/\/digitalcontabilidademt.com.br\/?page_id=374","title":{"rendered":"Pol\u00edticas de Privacidade"},"content":{"rendered":"<p>[et_pb_section fb_built=&#8221;1&#8243; _builder_version=&#8221;4.0.5&#8243;][et_pb_row _builder_version=&#8221;4.0.5&#8243;][et_pb_column _builder_version=&#8221;4.0.5&#8243; type=&#8221;4_4&#8243;][et_pb_text _builder_version=&#8221;4.0.5&#8243; hover_enabled=&#8221;0&#8243; text_text_color=&#8221;#000000&#8243;]<\/p>\n<h1><strong>Pol\u00edticas de Privacidade<\/strong><\/h1>\n<p>[\/et_pb_text][et_pb_text _builder_version=&#8221;4.0.5&#8243; hover_enabled=&#8221;0&#8243;]<\/p>\n<h2><strong>SE\u00c7\u00c3O 1 &#8211; O QUE FAREMOS COM ESTA INFORMA\u00c7\u00c3O?<\/strong><\/h2>\n<p>Quando voc\u00ea realiza algum contato com nossa empresa, coletamos as informa\u00e7\u00f5es pessoais que voc\u00ea nos d\u00e1 tais como: nome, e-mail e telefone.<\/p>\n<p>Quando voc\u00ea acessa nosso site, tamb\u00e9m recebemos automaticamente o protocolo de internet do seu computador, endere\u00e7o de IP, a fim de obter informa\u00e7\u00f5es que nos ajudam a aprender sobre seu navegador e sistema operacional.<\/p>\n<p>&nbsp;<\/p>\n<h2><strong>SE\u00c7\u00c3O 2 &#8211; CONSENTIMENTO<\/strong><\/h2>\n<p>Como voc\u00eas obt\u00eam meu consentimento?<\/p>\n<p>Quando voc\u00ea fornece informa\u00e7\u00f5es pessoais como nome, telefone e endere\u00e7o, para entrarmos em contato. Ap\u00f3s a realiza\u00e7\u00e3o de a\u00e7\u00f5es entendemos que voc\u00ea est\u00e1 de acordo com a coleta de dados para serem utilizados pela nossa empresa.<\/p>\n<p>E caso voc\u00ea queira retirar seu consentimento, como proceder?<\/p>\n<p>Se ap\u00f3s voc\u00ea nos fornecer seus dados, voc\u00ea mudar de ideia, voc\u00ea pode retirar o seu consentimento para que possamos entrar em contato, para a cole\u00e7\u00e3o de dados cont\u00ednua, uso ou divulga\u00e7\u00e3o de suas informa\u00e7\u00f5es, a qualquer momento, entrando em contato conosco em\u00a0<strong>contato@dallanora.com.br<\/strong>\u00a0ou nos enviando uma correspond\u00eancia em:\u00a0<strong>V. Rudell Contabilidade Digital Me<\/strong>\u00a0| <strong>Av. Tancredo Neves, 1914, Centro, CEP 78.890-000 Sorriso \u2013 Mato Grosso<\/strong><\/p>\n<p>&nbsp;<\/p>\n<h2><strong>SE\u00c7\u00c3O 3 &#8211; DIVULGA\u00c7\u00c3O<\/strong><\/h2>\n<p>Podemos divulgar suas informa\u00e7\u00f5es pessoais caso sejamos obrigados pela lei para faz\u00ea-lo.<\/p>\n<p>&nbsp;<\/p>\n<h2><strong>SE\u00c7\u00c3O 4 &#8211; SEGURAN\u00c7A<\/strong><\/h2>\n<p>Para proteger suas informa\u00e7\u00f5es pessoais, tomamos precau\u00e7\u00f5es razo\u00e1veis e seguimos as melhores pr\u00e1ticas da ind\u00fastria para nos certificar que elas n\u00e3o ser\u00e3o perdidas inadequadamente, usurpadas, acessadas, divulgadas, alteradas ou destru\u00eddas. Embora nenhum m\u00e9todo de transmiss\u00e3o pela Internet ou armazenamento eletr\u00f4nico \u00e9 100% seguro, n\u00f3s seguimos todos os padr\u00f5es geralmente aceitos pela ind\u00fastria.<\/p>\n<p>&nbsp;<\/p>\n<h2><strong>SE\u00c7\u00c3O 5 &#8211; ALTERA\u00c7\u00d5ES PARA ESSA POL\u00cdTICA DE PRIVACIDADE<\/strong><\/h2>\n<p>Reservamos o direito de modificar essa pol\u00edtica de privacidade a qualquer momento, ent\u00e3o por favor, revise-a com frequ\u00eancia. Altera\u00e7\u00f5es e esclarecimentos v\u00e3o surtir efeito imediatamente ap\u00f3s sua publica\u00e7\u00e3o no site. Se fizermos altera\u00e7\u00f5es de materiais para essa pol\u00edtica, iremos notific\u00e1-lo aqui que eles foram atualizados, para que voc\u00ea tenha ci\u00eancia sobre quais informa\u00e7\u00f5es coletamos, como as usamos, e sob que circunst\u00e2ncias, se alguma, usamos e\/ou divulgamos elas.<\/p>\n<p>&nbsp;<\/p>\n<p>[\/et_pb_text][\/et_pb_column][\/et_pb_row][\/et_pb_section]<\/p>\n","protected":false},"excerpt":{"rendered":"<p>[et_pb_section fb_built=&#8221;1&#8243; _builder_version=&#8221;4.0.5&#8243;][et_pb_row _builder_version=&#8221;4.0.5&#8243;][et_pb_column _builder_version=&#8221;4.0.5&#8243; type=&#8221;4_4&#8243;][et_pb_text _builder_version=&#8221;4.0.5&#8243; hover_enabled=&#8221;0&#8243; text_text_color=&#8221;#000000&#8243;] Pol\u00edticas de Privacidade [\/et_pb_text][et_pb_text _builder_version=&#8221;4.0.5&#8243; hover_enabled=&#8221;0&#8243;] SE\u00c7\u00c3O 1 &#8211; O QUE FAREMOS COM ESTA INFORMA\u00c7\u00c3O? Quando voc\u00ea realiza algum contato com nossa empresa, coletamos as informa\u00e7\u00f5es pessoais que voc\u00ea nos d\u00e1 tais como: nome, e-mail e telefone. Quando voc\u00ea acessa nosso site, tamb\u00e9m recebemos automaticamente o [&hellip;]<\/p>\n","protected":false},"author":1,"featured_media":0,"parent":0,"menu_order":0,"comment_status":"closed","ping_status":"closed","template":"","meta":{"_et_pb_use_builder":"on","_et_pb_old_content":""},"_links":{"self":[{"href":"https:\/\/digitalcontabilidademt.com.br\/index.php?rest_route=\/wp\/v2\/pages\/374"}],"collection":[{"href":"https:\/\/digitalcontabilidademt.com.br\/index.php?rest_route=\/wp\/v2\/pages"}],"about":[{"href":"https:\/\/digitalcontabilidademt.com.br\/index.php?rest_route=\/wp\/v2\/types\/page"}],"author":[{"embeddable":true,"href":"https:\/\/digitalcontabilidademt.com.br\/index.php?rest_route=\/wp\/v2\/users\/1"}],"replies":[{"embeddable":true,"href":"https:\/\/digitalcontabilidademt.com.br\/index.php?rest_route=%2Fwp%2Fv2%2Fcomments&post=374"}],"version-history":[{"count":2,"href":"https:\/\/digitalcontabilidademt.com.br\/index.php?rest_route=\/wp\/v2\/pages\/374\/revisions"}],"predecessor-version":[{"id":377,"href":"https:\/\/digitalcontabilidademt.com.br\/index.php?rest_route=\/wp\/v2\/pages\/374\/revisions\/377"}],"wp:attachment":[{"href":"https:\/\/digitalcontabilidademt.com.br\/index.php?rest_route=%2Fwp%2Fv2%2Fmedia&parent=374"}],"curies":[{"name":"wp","href":"https:\/\/api.w.org\/{rel}","templated":true}]}}