{"id":509,"date":"2020-05-11T10:58:37","date_gmt":"2020-05-11T13:58:37","guid":{"rendered":"https:\/\/digitalcontabilidademt.com.br\/?page_id=509"},"modified":"2020-05-13T07:47:28","modified_gmt":"2020-05-13T10:47:28","slug":"educacao-financeira","status":"publish","type":"page","link":"https:\/\/digitalcontabilidademt.com.br\/?page_id=509","title":{"rendered":"Educa\u00e7\u00e3o Financeira"},"content":{"rendered":"<p>[et_pb_section fb_built=&#8221;1&#8243; admin_label=&#8221;Page Title Section&#8221; _builder_version=&#8221;3.22&#8243; use_background_color_gradient=&#8221;on&#8221; background_color_gradient_start=&#8221;#6b73ff&#8221; background_color_gradient_end=&#8221;#000dff&#8221; background_color_gradient_direction=&#8221;100deg&#8221; background_image=&#8221;https:\/\/digitalcontabilidademt.com.br\/wp-content\/uploads\/2020\/05\/section-bg-triangle-right2.png&#8221; custom_padding=&#8221;100px||100px|&#8221;][et_pb_row admin_label=&#8221;Page Title Area&#8221; _builder_version=&#8221;3.25&#8243; background_size=&#8221;initial&#8221; background_position=&#8221;top_left&#8221; background_repeat=&#8221;repeat&#8221;][et_pb_column type=&#8221;4_4&#8243; _builder_version=&#8221;3.25&#8243; custom_padding=&#8221;|||&#8221; custom_padding__hover=&#8221;|||&#8221;][et_pb_text admin_label=&#8221;Title&#8221; _builder_version=&#8221;4.0.5&#8243; text_font=&#8221;Poppins||||||||&#8221; text_font_size=&#8221;18px&#8221; text_line_height=&#8221;1.8em&#8221; header_font=&#8221;Open Sans||||||||&#8221; header_font_size=&#8221;80px&#8221; header_line_height=&#8221;1.4em&#8221; header_2_font=&#8221;||||||||&#8221; text_orientation=&#8221;center&#8221; background_layout=&#8221;dark&#8221; max_width=&#8221;100%&#8221; module_alignment=&#8221;center&#8221; custom_margin=&#8221;|||&#8221; animation_style=&#8221;fade&#8221; header_font_size_tablet=&#8221;&#8221; header_font_size_phone=&#8221;34px&#8221; header_font_size_last_edited=&#8221;on|desktop&#8221;]<\/p>\n<h1>Educa\u00e7\u00e3o Financeira<\/h1>\n<p>[\/et_pb_text][\/et_pb_column][\/et_pb_row][\/et_pb_section][et_pb_section fb_built=&#8221;1&#8243; admin_label=&#8221;Blog Section&#8221; _builder_version=&#8221;3.22&#8243; background_color=&#8221;#f7f7f7&#8243; background_position=&#8221;bottom_center&#8221; custom_margin=&#8221;|||&#8221; custom_padding=&#8221;90px||0px|&#8221;][et_pb_row admin_label=&#8221;Blog Area&#8221; _builder_version=&#8221;3.25&#8243; custom_padding=&#8221;||10px|&#8221;][et_pb_column type=&#8221;4_4&#8243; _builder_version=&#8221;3.25&#8243; custom_padding=&#8221;|||&#8221; custom_padding__hover=&#8221;|||&#8221;][et_pb_blog fullwidth=&#8221;off&#8221; posts_number=&#8221;9&#8243; include_categories=&#8221;all&#8221; meta_date=&#8221;j M, Y&#8221; excerpt_length=&#8221;100&#8243; show_categories=&#8221;off&#8221; _builder_version=&#8221;4.0.5&#8243; header_font=&#8221;Poppins|600|||||||&#8221; header_line_height=&#8221;1.2em&#8221; body_font=&#8221;Poppins||||||||&#8221; body_font_size=&#8221;16px&#8221; body_line_height=&#8221;1.8em&#8221; meta_font=&#8221;Poppins||||||||&#8221; meta_text_color=&#8221;#9e9e9e&#8221; meta_font_size=&#8221;16px&#8221; pagination_font=&#8221;Poppins||||||||&#8221; pagination_font_size=&#8221;16px&#8221; custom_padding=&#8221;|||&#8221; border_radii=&#8221;on|5px|5px|5px|5px&#8221; border_width_all=&#8221;0px&#8221; box_shadow_style=&#8221;preset3&#8243; box_shadow_vertical=&#8221;7px&#8221; box_shadow_blur=&#8221;15px&#8221; box_shadow_spread=&#8221;0px&#8221; box_shadow_color=&#8221;rgba(0,0,0,0.07)&#8221;][\/et_pb_blog][\/et_pb_column][\/et_pb_row][\/et_pb_section][et_pb_section fb_built=&#8221;1&#8243; admin_label=&#8221;Blog Section&#8221; _builder_version=&#8221;3.22&#8243; background_color=&#8221;#f7f7f7&#8243; background_image=&#8221;https:\/\/digitalcontabilidademt.com.br\/wp-content\/uploads\/2020\/05\/section-bg-circle-left3.png&#8221; custom_margin=&#8221;|||&#8221; custom_padding=&#8221;90px||180px|&#8221;][et_pb_row disabled_on=&#8221;off|off|off&#8221; _builder_version=&#8221;4.0.5&#8243; hover_enabled=&#8221;0&#8243; global_module=&#8221;595&#8243; saved_tabs=&#8221;all&#8221;][et_pb_column type=&#8221;4_4&#8243; _builder_version=&#8221;4.0.5&#8243;][et_pb_signup provider=&#8221;mailpoet&#8221; mailpoet_list=&#8221;blog@digitalcontabilidademt.com|4&#8243; name_field=&#8221;on&#8221; success_message=&#8221;Voc\u00ea inscreveu-se com sucesso! Confira sua caixa de e-mail para confirmar sua inscri\u00e7\u00e3o e come\u00e7ar a receber nossas atualiza\u00e7\u00f5es.&#8221; title=&#8221;Inscreva-se!&#8221; button_text=&#8221;Inscrever-se&#8221; description=&#8221;<\/p>\n<p>Cadastre-se e receba as atualiza\u00e7\u00f5es do nosso blog pelo seu e-mail!<\/p>\n<p>&#8221; _builder_version=&#8221;4.0.5&#8243; header_font=&#8221;Open Sans|600|||||||&#8221; header_font_size=&#8221;33px&#8221; body_font_size=&#8221;19px&#8221; background_enable_color=&#8221;off&#8221; custom_button=&#8221;on&#8221; button_text_color=&#8221;#ffffff&#8221; button_bg_color=&#8221;#0c71c3&#8243; text_orientation=&#8221;center&#8221; background_layout=&#8221;light&#8221; hover_enabled=&#8221;0&#8243;][\/et_pb_signup][\/et_pb_column][\/et_pb_row][\/et_pb_section]<\/p>\n","protected":false},"excerpt":{"rendered":"<p>[et_pb_section fb_built=&#8221;1&#8243; admin_label=&#8221;Page Title Section&#8221; _builder_version=&#8221;3.22&#8243; use_background_color_gradient=&#8221;on&#8221; background_color_gradient_start=&#8221;#6b73ff&#8221; background_color_gradient_end=&#8221;#000dff&#8221; background_color_gradient_direction=&#8221;100deg&#8221; background_image=&#8221;https:\/\/digitalcontabilidademt.com.br\/wp-content\/uploads\/2020\/05\/section-bg-triangle-right2.png&#8221; custom_padding=&#8221;100px||100px|&#8221;][et_pb_row admin_label=&#8221;Page Title Area&#8221; _builder_version=&#8221;3.25&#8243; background_size=&#8221;initial&#8221; background_position=&#8221;top_left&#8221; background_repeat=&#8221;repeat&#8221;][et_pb_column type=&#8221;4_4&#8243; _builder_version=&#8221;3.25&#8243; custom_padding=&#8221;|||&#8221; custom_padding__hover=&#8221;|||&#8221;][et_pb_text admin_label=&#8221;Title&#8221; _builder_version=&#8221;4.0.5&#8243; text_font=&#8221;Poppins||||||||&#8221; text_font_size=&#8221;18px&#8221; text_line_height=&#8221;1.8em&#8221; header_font=&#8221;Open Sans||||||||&#8221; header_font_size=&#8221;80px&#8221; header_line_height=&#8221;1.4em&#8221; header_2_font=&#8221;||||||||&#8221; text_orientation=&#8221;center&#8221; background_layout=&#8221;dark&#8221; max_width=&#8221;100%&#8221; module_alignment=&#8221;center&#8221; custom_margin=&#8221;|||&#8221; animation_style=&#8221;fade&#8221; header_font_size_tablet=&#8221;&#8221; header_font_size_phone=&#8221;34px&#8221; header_font_size_last_edited=&#8221;on|desktop&#8221;] Educa\u00e7\u00e3o Financeira [\/et_pb_text][\/et_pb_column][\/et_pb_row][\/et_pb_section][et_pb_section fb_built=&#8221;1&#8243; admin_label=&#8221;Blog Section&#8221; _builder_version=&#8221;3.22&#8243; background_color=&#8221;#f7f7f7&#8243; background_position=&#8221;bottom_center&#8221; custom_margin=&#8221;|||&#8221; custom_padding=&#8221;90px||0px|&#8221;][et_pb_row admin_label=&#8221;Blog Area&#8221; [&hellip;]<\/p>\n","protected":false},"author":1,"featured_media":0,"parent":0,"menu_order":0,"comment_status":"closed","ping_status":"closed","template":"","meta":{"_et_pb_use_builder":"on","_et_pb_old_content":""},"_links":{"self":[{"href":"https:\/\/digitalcontabilidademt.com.br\/index.php?rest_route=\/wp\/v2\/pages\/509"}],"collection":[{"href":"https:\/\/digitalcontabilidademt.com.br\/index.php?rest_route=\/wp\/v2\/pages"}],"about":[{"href":"https:\/\/digitalcontabilidademt.com.br\/index.php?rest_route=\/wp\/v2\/types\/page"}],"author":[{"embeddable":true,"href":"https:\/\/digitalcontabilidademt.com.br\/index.php?rest_route=\/wp\/v2\/users\/1"}],"replies":[{"embeddable":true,"href":"https:\/\/digitalcontabilidademt.com.br\/index.php?rest_route=%2Fwp%2Fv2%2Fcomments&post=509"}],"version-history":[{"count":19,"href":"https:\/\/digitalcontabilidademt.com.br\/index.php?rest_route=\/wp\/v2\/pages\/509\/revisions"}],"predecessor-version":[{"id":616,"href":"https:\/\/digitalcontabilidademt.com.br\/index.php?rest_route=\/wp\/v2\/pages\/509\/revisions\/616"}],"wp:attachment":[{"href":"https:\/\/digitalcontabilidademt.com.br\/index.php?rest_route=%2Fwp%2Fv2%2Fmedia&parent=509"}],"curies":[{"name":"wp","href":"https:\/\/api.w.org\/{rel}","templated":true}]}}